{"id":625,"date":"2025-06-24T16:17:37","date_gmt":"2025-06-24T14:17:37","guid":{"rendered":"https:\/\/maridu.makeitmatter.studio\/?page_id=625"},"modified":"2025-07-15T16:25:09","modified_gmt":"2025-07-15T14:25:09","slug":"podminky","status":"publish","type":"page","link":"https:\/\/holidayhomesmaridu.com\/cs\/terms-conditions\/","title":{"rendered":"Podm\u00ednky a pravidla"},"content":{"rendered":"<h2 class=\"wp-block-heading\">Podm\u00ednky a pravidla<\/h2>\n\n\n\n<p>Podm\u00ednky rezervace pro Holiday Homes Maridu<\/p>\n\n\n\n<ol class=\"wp-block-list\">\n<li><a href=\"#confirmation\" data-type=\"internal\" data-id=\"#confirmation\">Potvrzen\u00ed rezervace<\/a><\/li>\n\n\n\n<li><a href=\"#costs\" data-type=\"internal\" data-id=\"#costs\">N\u00e1klady a zahrnut\u00e9 slu\u017eby<\/a><\/li>\n\n\n\n<li><a href=\"#payment\" data-type=\"internal\" data-id=\"#payment\">Platebn\u00ed podm\u00ednky<\/a><\/li>\n\n\n\n<li><a href=\"#bank\" data-type=\"internal\" data-id=\"#bank\">Bankovn\u00ed p\u0159evod<\/a><\/li>\n\n\n\n<li id=\"house\"><a href=\"#house\" data-type=\"internal\" data-id=\"#house\">Domovn\u00ed \u0159\u00e1d<\/a><\/li>\n\n\n\n<li><a href=\"#key\" data-type=\"internal\" data-id=\"#key\">D\u016fle\u017eit\u00e9 informace<\/a><\/li>\n\n\n\n<li><a href=\"#Cancellation\" data-type=\"internal\" data-id=\"#Cancellation\">Storno podm\u00ednky<\/a><\/li>\n\n\n\n<li><a href=\"#maximum\" data-type=\"internal\" data-id=\"#maximum\">Maxim\u00e1ln\u00ed obsazenost<\/a><\/li>\n\n\n\n<li><a href=\"#pets\" data-type=\"internal\" data-id=\"#pets\">Dom\u00e1c\u00ed mazl\u00ed\u010dci<\/a><\/li>\n\n\n\n<li><a href=\"#smoking\" data-type=\"internal\" data-id=\"#smoking\">Kou\u0159en\u00ed<\/a><\/li>\n\n\n\n<li><a href=\"#deposit\" data-type=\"internal\" data-id=\"#deposit\">Kauce<\/a><\/li>\n\n\n\n<li><a href=\"#forcemajeure\" data-type=\"internal\" data-id=\"#forcemajeure\">Vy\u0161\u0161\u00ed moc a zru\u0161en\u00ed ze strany pronaj\u00edmatele<\/a><\/li>\n\n\n\n<li><a href=\"#Liability\" data-type=\"internal\" data-id=\"#Liability\">Odpov\u011bdnost<\/a><\/li>\n\n\n\n<li><a href=\"#Hostess\" data-type=\"internal\" data-id=\"#Hostess\">Podpora hostesky<\/a><\/li>\n\n\n\n<li><a href=\"#complaints\">St\u00ed\u017enosti<\/a><\/li>\n\n\n\n<li><a href=\"#additional\" data-type=\"internal\" data-id=\"#additional\">Dopl\u0148kov\u00e9 slu\u017eby<\/a><\/li>\n<\/ol>\n\n\n\n<p id=\"confirmation\"><strong>1. Potvrzen\u00ed rezervace<\/strong><\/p>\n\n\n\n<p>Po \u00fasp\u011b\u0161n\u00e9 rezervaci obdr\u017e\u00edte potvrzen\u00ed s podrobnostmi o zvolen\u00e9m pobytu a jeho d\u00e9lce.<\/p>\n\n\n\n<p id=\"costs\"><strong>2. N\u00e1klady a zahrnut\u00e9 slu\u017eby<\/strong><\/p>\n\n\n\n<p><em>Celkov\u00e1 cena va\u0161eho pobytu zahrnuje:<\/em><\/p>\n\n\n\n<ul class=\"wp-block-list\">\n<li>Plyn, voda a elekt\u0159ina<\/li>\n\n\n\n<li>Lo\u017en\u00ed pr\u00e1dlo a ru\u010dn\u00edky<\/li>\n\n\n\n<li>Kuchy\u0148sk\u00fd bal\u00ed\u010dek (kart\u00e1\u010d na n\u00e1dob\u00ed, myc\u00ed prost\u0159edek, a\u017e 3 tablety do my\u010dky, ut\u011brka a pytel na odpadky)<\/li>\n\n\n\n<li>Pobytov\u00e1 taxa<\/li>\n\n\n\n<li>Z\u00e1v\u011bre\u010dn\u00fd \u00faklid<\/li>\n\n\n\n<li>Wi-Fi<\/li>\n<\/ul>\n\n\n\n<p id=\"payment\"><strong>3. Platebn\u00ed podm\u00ednky:<\/strong><\/p>\n\n\n\n<ul class=\"wp-block-list\">\n<li>50 % z celkov\u00e9 \u010d\u00e1stky mus\u00ed b\u00fdt uhrazeno do 3 dn\u016f od rezervace. Neuhrazen\u00ed t\u00e9to \u010d\u00e1stky bude m\u00edt za n\u00e1sledek zru\u0161en\u00ed rezervace.<\/li>\n\n\n\n<li>Pokud byla platba provedena kreditn\u00ed kartou na webov\u00fdch str\u00e1nk\u00e1ch, bude \u010d\u00e1stka z \u00fa\u010dtu ode\u010dtena do 3 dn\u016f a nen\u00ed nutn\u00fd \u017e\u00e1dn\u00fd dal\u0161\u00ed bankovn\u00ed p\u0159evod.<\/li>\n\n\n\n<li>Zb\u00fdvaj\u00edc\u00ed \u010d\u00e1stka mus\u00ed b\u00fdt uhrazena nejm\u00e9n\u011b 4 t\u00fddny p\u0159ed p\u0159\u00edjezdem, pokud ji\u017e nebyla provedena platba kreditn\u00ed kartou na webov\u00fdch str\u00e1nk\u00e1ch.<\/li>\n<\/ul>\n\n\n\n<p id=\"bank\"><strong>4. Bankovn\u00ed p\u0159evod (pokud nen\u00ed platba provedena kreditn\u00ed kartou):<\/strong><\/p>\n\n\n\n<ul class=\"wp-block-list\">\n<li>IBAN: NL53 BUNQ 2093 6362 47<\/li>\n\n\n\n<li>N\u00e1zev \u00fa\u010dtu:: Holiday Homes Maridu<\/li>\n\n\n\n<li>Jako referenci pros\u00edm uve\u010fte dobu va\u0161eho pobytu a n\u00e1zev rekrea\u010dn\u00edho objektu.<\/li>\n<\/ul>\n\n\n\n<p id=\"house\"><strong>5. Pravidla domu:<\/strong><\/p>\n\n\n\n<ul class=\"wp-block-list\">\n<li>Nemovitost m\u016f\u017ee b\u00fdt ob\u00fdv\u00e1na pouze po\u010dtem osob uveden\u00fdm p\u0159i rezervaci.<\/li>\n\n\n\n<li>V p\u0159\u00edpad\u011b kr\u00e1de\u017ee nebo ztr\u00e1ty budou \u00fa\u010dtov\u00e1ny poplatky.<\/li>\n\n\n\n<li>Ve\u010d\u00edrky ani shrom\u00e1\u017ed\u011bn\u00ed nejsou povoleny.<\/li>\n\n\n\n<li>Odhl\u00e1\u0161en\u00ed je nutn\u00e9 do 10:00. Za pozdn\u00ed odhl\u00e1\u0161en\u00ed bude \u00fa\u010dtov\u00e1n p\u0159\u00edplatek.<\/li>\n\n\n\n<li>Od host\u016f se o\u010dek\u00e1v\u00e1, \u017ee zanechaj\u00ed d\u016fm uklizen\u00fd, jinak mohou b\u00fdt \u00fa\u010dtov\u00e1ny dodate\u010dn\u00e9 poplatky za \u00faklid.<\/li>\n\n\n\n<li>Kou\u0159en\u00ed uvnit\u0159 objektu je p\u0159\u00edsn\u011b zak\u00e1z\u00e1no.<\/li>\n<\/ul>\n\n\n\n<p id=\"key\"><strong>6. D\u016fle\u017eit\u00e9 informace<\/strong><\/p>\n\n\n\n<ul class=\"wp-block-list\">\n<li>P\u0159ed p\u0159\u00edjezdem obdr\u017e\u00edte informace o tom, jak se k objektu dostat.<\/li>\n<\/ul>\n\n\n\n<p id=\"Cancellation\"><strong>7. Storno podm\u00ednky:<\/strong><\/p>\n\n\n\n<ul class=\"wp-block-list\">\n<li>V p\u0159\u00edpad\u011b zru\u0161en\u00ed rezervace do 4 t\u00fddn\u016f p\u0159ed p\u0159\u00edjezdem bude \u00fa\u010dtov\u00e1no 50 % z celkov\u00e9 \u010d\u00e1stky.<\/li>\n\n\n\n<li>U rezervac\u00ed v na\u0161ich nizozemsk\u00fdch nemovitostech v Europarc\u00edch se po proveden\u00ed rezervace nevrac\u00ed \u017e\u00e1dn\u00e9 pen\u00edze.<\/li>\n<\/ul>\n\n\n\n<p>T\u011b\u0161\u00edme se na Va\u0161i n\u00e1v\u0161t\u011bvu v Holiday Homes Maridu!<\/p>\n\n\n\n<h3 class=\"wp-block-heading\">Dal\u0161\u00ed podm\u00ednky<\/h3>\n\n\n\n<p id=\"maximum\"><strong>8. Maxim\u00e1ln\u00ed obsazenost<\/strong><\/p>\n\n\n\n<p>Ka\u017ed\u00fd rekrea\u010dn\u00ed d\u016fm m\u00e1 stanovenou maxim\u00e1ln\u00ed kapacitu. Host\u00e9 se nesm\u00ed ubytovat s v\u00edce osobami, ne\u017e je uveden\u00fd po\u010det, pokud to nebylo p\u0159edem p\u00edsemn\u011b dohodnuto. P\u0159ekro\u010den\u00ed tohoto po\u010dtu m\u016f\u017ee v\u00e9st k ukon\u010den\u00ed n\u00e1jemn\u00ed smlouvy bez vr\u00e1cen\u00ed zaplacen\u00e9ho n\u00e1jemn\u00e9ho.<\/p>\n\n\n\n<p id=\"pets\"><strong>9. Dom\u00e1c\u00ed mazl\u00ed\u010dci:<\/strong><\/p>\n\n\n\n<p>Dom\u00e1c\u00ed mazl\u00ed\u010dci jsou v rekrea\u010dn\u00edm dom\u011b povoleni pouze s p\u0159edchoz\u00edm p\u00edsemn\u00fdm souhlasem. Za dom\u00e1c\u00ed mazl\u00ed\u010dky mohou b\u00fdt \u00fa\u010dtov\u00e1ny dodate\u010dn\u00e9 poplatky. Host\u00e9 jsou odpov\u011bdn\u00ed za jak\u00e9koli \u0161kody zp\u016fsoben\u00e9 jejich dom\u00e1c\u00edmi mazl\u00ed\u010dky.<\/p>\n\n\n\n<p id=\"smoking\"><strong>10. Kou\u0159en\u00ed<\/strong><\/p>\n\n\n\n<p>Ve v\u0161ech rekrea\u010dn\u00edch domech \u201eHoliday Homes Maridu\u201c je kou\u0159en\u00ed p\u0159\u00edsn\u011b zak\u00e1z\u00e1no. Poru\u0161en\u00ed m\u016f\u017ee m\u00edt za n\u00e1sledek pokutu ve v\u00fd\u0161i kauce nebo p\u0159edem stanovenou \u010d\u00e1stku.<\/p>\n\n\n\n<p id=\"deposit\"><strong>11. Kauce<\/strong><\/p>\n\n\n\n<p>P\u0159i p\u0159\u00edjezdu m\u016f\u017ee b\u00fdt po\u017eadov\u00e1na kauce. Po odjezdu a prohl\u00eddce domu bude tato kauce vr\u00e1cena, pokud nedojde k \u017e\u00e1dn\u00e9 \u0161kod\u011b, ztr\u00e1t\u011b nebo poru\u0161en\u00ed domovn\u00edho \u0159\u00e1du.<\/p>\n\n\n\n<p id=\"forcemajeure\"><strong>12. Vy\u0161\u0161\u00ed moc a zru\u0161en\u00ed ze strany pronaj\u00edmatele<\/strong><\/p>\n\n\n\n<p>V p\u0159\u00edpad\u011b vy\u0161\u0161\u00ed moci (v\u010detn\u011b, ale nikoli v\u00fdhradn\u011b, p\u0159\u00edrodn\u00edch katastrof, pandemi\u00ed, st\u00e1vek nebo nep\u0159edv\u00eddan\u00e9ho uzav\u0159en\u00ed za\u0159\u00edzen\u00ed) si \u201eHoliday Homes Maridu\u201c vyhrazuje pr\u00e1vo zru\u0161it rezervaci. N\u00e1jemce bude co nejd\u0159\u00edve informov\u00e1n a obdr\u017e\u00ed plnou n\u00e1hradu ji\u017e zaplacen\u00e9 \u010d\u00e1stky.<\/p>\n\n\n\n<p id=\"liability\"><strong>13. Odpov\u011bdnost<\/strong><\/p>\n\n\n\n<p>\u201eHoliday Homes Maridu\u201c nenese odpov\u011bdnost za ztr\u00e1tu, kr\u00e1de\u017e, po\u0161kozen\u00ed, zran\u011bn\u00ed nebo nep\u0159\u00edjemnosti zp\u016fsoben\u00e9 n\u00e1jemn\u00edk\u016fm, pokud se nejedn\u00e1 o p\u0159\u00edm\u00fd d\u016fsledek hrub\u00e9 nedbalosti ze strany \u201eHoliday Homes Maridu\u201c.<\/p>\n\n\n\n<p id=\"hostess\"><strong>14. Podpora hostesky<\/strong><\/p>\n\n\n\n<p>Hosteska v \u201eHoliday Homes Maridu\u201c v prvn\u00ed \u0159ad\u011b v\u00edt\u00e1 hosty, odpov\u00edd\u00e1 na ot\u00e1zky, pom\u00e1h\u00e1 s check-inem a check-outem a \u0159e\u0161\u00ed ve\u0161ker\u00e9 nep\u0159\u00edjemnosti v dom\u011b b\u011bhem va\u0161eho pobytu.<\/p>\n\n\n\n<p>Incidenty nebo probl\u00e9my, kter\u00e9 se vyskytnou b\u011bhem cesty a nesouvisej\u00ed s pobytem, \u200b\u200bby m\u011bly b\u00fdt nahl\u00e1\u0161eny p\u0159\u00edmo spole\u010dnosti Holiday Homes Maridu p\u0159i p\u0159\u00edjezdu nebo p\u0159ed n\u00edm. Vyu\u017eit\u00ed slu\u017eeb na\u0161\u00ed hostesky pro \u00fakoly nebo povinnosti, kter\u00e9 nelze p\u0159i\u0159adit k pracovn\u00ed n\u00e1plni hostesky, bude \u00fa\u010dtov\u00e1no ve v\u00fd\u0161i 35 \u20ac za hodinu. Tato \u010d\u00e1stka v\u00e1m bude n\u00e1sledn\u011b vyfakturov\u00e1na a\/nebo ode\u010dtena od zb\u00fdvaj\u00edc\u00ed z\u00e1lohy, kter\u00e1 bude vr\u00e1cena.<\/p>\n\n\n\n<p id=\"complaints\"><strong>15. St\u00ed\u017enosti<\/strong><\/p>\n\n\n\n<p>St\u00ed\u017enosti t\u00fdkaj\u00edc\u00ed se pobytu nebo slu\u017eeb by m\u011bly b\u00fdt nahl\u00e1\u0161eny co nejd\u0159\u00edve, nejpozd\u011bji v\u0161ak do 24 hodin od jejich zji\u0161t\u011bn\u00ed, spr\u00e1vci nebo hostitelce rekrea\u010dn\u00edho objektu. Pokud nen\u00ed st\u00ed\u017enost uspokojiv\u011b vy\u0159e\u0161ena, lze ji podat p\u00edsemn\u011b a s uveden\u00edm d\u016fvod\u016f spole\u010dnosti \u201eHoliday Homes Maridu\u201c nejpozd\u011bji do 1 m\u011bs\u00edce po odjezdu.<\/p>\n\n\n\n<p id=\"additional\"><strong>16. Dopl\u0148kov\u00e9 slu\u017eby<\/strong><\/p>\n\n\n\n<p>Dal\u0161\u00ed slu\u017eby, jako je p\u016fj\u010dovna kol nebo sn\u00eddan\u011b, je nutn\u00e9 rezervovat p\u0159edem a mohou b\u00fdt zpoplatn\u011bny.<\/p>\n\n\n\n<ul class=\"wp-block-list\">\n<li>V p\u0159\u00edpad\u011b zru\u0161en\u00ed rezervace do 2 t\u00fddn\u016f p\u0159ed p\u0159\u00edjezdem bude \u00fa\u010dtov\u00e1no 100 % z celkov\u00e9 \u010d\u00e1stky.<\/li>\n<\/ul>","protected":false},"excerpt":{"rendered":"<p>Terms and conditions Reservation Terms for Holiday Homes Maridu 1. Confirmation of Booking: Upon a successful booking, you will receive a confirmation detailing your chosen stay and its duration. 2. Costs and Included Services: The total price of your stay includes: 3. Payment Terms: 4. Bank Transfer (if not paid by credit card): 5. House [&hellip;]<\/p>\n","protected":false},"author":3,"featured_media":0,"parent":0,"menu_order":0,"comment_status":"closed","ping_status":"closed","template":"","meta":{"footnotes":""},"class_list":["post-625","page","type-page","status-publish","hentry"],"blocksy_meta":[],"_links":{"self":[{"href":"https:\/\/holidayhomesmaridu.com\/cs\/wp-json\/wp\/v2\/pages\/625","targetHints":{"allow":["GET"]}}],"collection":[{"href":"https:\/\/holidayhomesmaridu.com\/cs\/wp-json\/wp\/v2\/pages"}],"about":[{"href":"https:\/\/holidayhomesmaridu.com\/cs\/wp-json\/wp\/v2\/types\/page"}],"author":[{"embeddable":true,"href":"https:\/\/holidayhomesmaridu.com\/cs\/wp-json\/wp\/v2\/users\/3"}],"replies":[{"embeddable":true,"href":"https:\/\/holidayhomesmaridu.com\/cs\/wp-json\/wp\/v2\/comments?post=625"}],"version-history":[{"count":5,"href":"https:\/\/holidayhomesmaridu.com\/cs\/wp-json\/wp\/v2\/pages\/625\/revisions"}],"predecessor-version":[{"id":1084,"href":"https:\/\/holidayhomesmaridu.com\/cs\/wp-json\/wp\/v2\/pages\/625\/revisions\/1084"}],"wp:attachment":[{"href":"https:\/\/holidayhomesmaridu.com\/cs\/wp-json\/wp\/v2\/media?parent=625"}],"curies":[{"name":"wp","href":"https:\/\/api.w.org\/{rel}","templated":true}]}}