{"id":642,"date":"2025-06-24T16:23:28","date_gmt":"2025-06-24T14:23:28","guid":{"rendered":"https:\/\/maridu.makeitmatter.studio\/?page_id=642"},"modified":"2025-07-25T08:50:27","modified_gmt":"2025-07-25T06:50:27","slug":"zasady-ochrany-osobnich-udaju","status":"publish","type":"page","link":"https:\/\/holidayhomesmaridu.com\/cs\/privacy-policy\/","title":{"rendered":"Z\u00e1sady ochrany osobn\u00edch \u00fadaj\u016f"},"content":{"rendered":"<h2 class=\"wp-block-heading\">Z\u00e1sady ochrany osobn\u00edch \u00fadaj\u016f pro  Holiday Homes Maridu<\/h2>\n\n\n\n<p>V Holiday Homes Maridu, p\u0159\u00edstupn\u00fdch na adrese&nbsp;<strong>www.holidayhomesmaridu.com<\/strong>, jednou z na\u0161ich hlavn\u00edch priorit je soukrom\u00ed na\u0161ich n\u00e1v\u0161t\u011bvn\u00edk\u016f.<\/p>\n\n\n\n<p>Tento dokument Z\u00e1sady ochrany osobn\u00edch \u00fadaj\u016f obsahuje typy informac\u00ed, kter\u00e9 shroma\u017e\u010fuje a zaznamen\u00e1v\u00e1&nbsp;<strong>Holiday Homes Maridu<\/strong>&nbsp;a jak je vyu\u017e\u00edv\u00e1.<\/p>\n\n\n\n<p>Pokud m\u00e1te dal\u0161\u00ed dotazy nebo pot\u0159ebujete v\u00edce informac\u00ed o na\u0161ich Z\u00e1sad\u00e1ch ochrany osobn\u00edch \u00fadaj\u016f, nev\u00e1hejte n\u00e1s kontaktovat e-mailem na adrese info@holidayhomesmaridu.com.<\/p>\n\n\n\n<p>Tyto z\u00e1sady ochrany osobn\u00edch \u00fadaj\u016f se vztahuj\u00ed pouze na na\u0161e online aktivity a plat\u00ed pro n\u00e1v\u0161t\u011bvn\u00edky na\u0161ich webov\u00fdch str\u00e1nek s ohledem na informace, kter\u00e9 sd\u00edleli a\/nebo shrom\u00e1\u017edili v Holiday Homes Maridu.<\/p>\n\n\n\n<p>ato z\u00e1sada se nevztahuje na \u017e\u00e1dn\u00e9 informace shrom\u00e1\u017ed\u011bn\u00e9 offline nebo prost\u0159ednictv\u00edm jin\u00fdch kan\u00e1l\u016f ne\u017e t\u011bchto webov\u00fdch str\u00e1nek.<\/p>\n\n\n\n<h3 class=\"wp-block-heading\">Souhlas<\/h3>\n\n\n\n<p>Pou\u017e\u00edv\u00e1n\u00edm na\u0161ich webov\u00fdch str\u00e1nek souhlas\u00edte s na\u0161imi Z\u00e1sadami ochrany osobn\u00edch \u00fadaj\u016f a souhlas\u00edte s jejich podm\u00ednkami.<\/p>\n\n\n\n<h3 class=\"wp-block-heading\">Informace, kter\u00e9 shroma\u017e\u010fujeme<\/h3>\n\n\n\n<p>Osobn\u00ed \u00fadaje, o jejich\u017e poskytnut\u00ed jste byli po\u017e\u00e1d\u00e1ni a d\u016fvody, pro\u010d o jejich poskytnut\u00ed bylo po\u017e\u00e1d\u00e1no, v\u00e1m budou sd\u011bleny v okam\u017eiku, kdy v\u00e1s o poskytnut\u00ed va\u0161ich osobn\u00edch \u00fadaj\u016f po\u017e\u00e1d\u00e1me. Pokud n\u00e1s budete kontaktovat p\u0159\u00edmo, m\u016f\u017eeme o v\u00e1s obdr\u017eet dal\u0161\u00ed informace, jako je va\u0161e jm\u00e9no, e-mailov\u00e1 adresa, telefonn\u00ed \u010d\u00edslo, obsah zpr\u00e1vy a\/nebo p\u0159\u00edlohy, kter\u00e9 n\u00e1m za\u0161lete, a jak\u00e9koli dal\u0161\u00ed informace, kter\u00e9 se rozhodnete poskytnout.<\/p>\n\n\n\n<h3 class=\"wp-block-heading\">Jak pou\u017e\u00edv\u00e1me va\u0161e informace<\/h3>\n\n\n\n<p>Informace, kter\u00e9 shroma\u017e\u010fujeme, pou\u017e\u00edv\u00e1me r\u016fzn\u00fdmi zp\u016fsoby, mimo jin\u00e9 k:<\/p>\n\n\n\n<ul class=\"wp-block-list\">\n<li>Poskytov\u00e1n\u00ed, provozov\u00e1n\u00ed a \u00fadr\u017eba na\u0161ich webov\u00fdch str\u00e1nek<\/li>\n\n\n\n<li>Vylep\u0161ov\u00e1n\u00ed, personalizov\u00e1n\u00ed a roz\u0161i\u0159ov\u00e1n\u00ed na\u0161\u00ed webov\u00e9 str\u00e1nky<\/li>\n\n\n\n<li>Pochopen\u00ed a analyzov\u00e1n\u00ed, jak pou\u017e\u00edv\u00e1te na\u0161e webov\u00e9 str\u00e1nky<\/li>\n\n\n\n<li>Vyv\u00edjen\u00ed nov\u00fdch produkt\u016f, slu\u017eeb, funkc\u00ed a funkcionality<\/li>\n\n\n\n<li>Komunikace s v\u00e1mi, a\u0165 u\u017e p\u0159\u00edmo, nebo prost\u0159ednictv\u00edm jednoho z na\u0161ich partner\u016f, v\u010detn\u011b z\u00e1kaznick\u00e9ho servisu, poskytov\u00e1n\u00ed aktualizac\u00ed a dal\u0161\u00edch informac\u00ed t\u00fdkaj\u00edc\u00edch se webov\u00fdch str\u00e1nek a pro marketingov\u00e9 a propaga\u010dn\u00ed \u00fa\u010dely<\/li>\n\n\n\n<li>Zas\u00edl\u00e1n\u00ed email\u016f<\/li>\n\n\n\n<li>Nach\u00e1zen\u00ed a zabr\u00e1n\u011bn\u00ed podvod\u016fm<\/li>\n<\/ul>\n\n\n\n<h3 class=\"wp-block-heading\">Soubory protokolu<\/h3>\n\n\n\n<p>Holiday Homes Maridu dodr\u017euj\u00ed standardn\u00ed postup pou\u017e\u00edv\u00e1n\u00ed logovac\u00edch soubor\u016f. Tyto soubory zaznamen\u00e1vaj\u00ed n\u00e1v\u0161t\u011bvn\u00edky, kdy\u017e nav\u0161t\u00edv\u00ed webov\u00e9 str\u00e1nky. V\u0161echny hostingov\u00e9 spole\u010dnosti to d\u011blaj\u00ed v r\u00e1mci analytiky hostingov\u00fdch slu\u017eeb. Informace shroma\u017e\u010fovan\u00e9 logovac\u00edmi soubory zahrnuj\u00ed adresy internetov\u00e9ho protokolu (IP), typ prohl\u00ed\u017ee\u010de, poskytovatele internetov\u00fdch slu\u017eeb (ISP), datum a \u010dasov\u00e9 raz\u00edtko, odkazuj\u00edc\u00ed\/v\u00fdstupn\u00ed str\u00e1nky a p\u0159\u00edpadn\u011b po\u010det kliknut\u00ed. Tyto informace nejsou propojeny s \u017e\u00e1dn\u00fdmi informacemi, kter\u00e9 by mohly identifikovat osoby. \u00da\u010delem t\u011bchto informac\u00ed je anal\u00fdza trend\u016f, spr\u00e1va webu, sledov\u00e1n\u00ed pohybu u\u017eivatel\u016f na webu a shroma\u017e\u010fov\u00e1n\u00ed demografick\u00fdch informac\u00ed.<\/p>\n\n\n\n<h3 class=\"wp-block-heading\">Cookies a Web Beacons<\/h3>\n\n\n\n<p>Stejn\u011b jako v\u0161echny ostatn\u00ed webov\u00e9 str\u00e1nky pou\u017e\u00edv\u00e1 i Holiday Homes Maridu \u201esoubory cookie\u201c. Tyto soubory cookie slou\u017e\u00ed k ukl\u00e1d\u00e1n\u00ed informac\u00ed, v\u010detn\u011b preferenc\u00ed n\u00e1v\u0161t\u011bvn\u00edk\u016f a str\u00e1nek na webov\u00fdch str\u00e1nk\u00e1ch, kter\u00e9 n\u00e1v\u0161t\u011bvn\u00edk nav\u0161t\u00edvil. Tyto informace se pou\u017e\u00edvaj\u00ed k optimalizaci u\u017eivatelsk\u00e9ho prost\u0159ed\u00ed p\u0159izp\u016fsoben\u00edm obsahu na\u0161ich webov\u00fdch str\u00e1nek na z\u00e1klad\u011b typu prohl\u00ed\u017ee\u010de n\u00e1v\u0161t\u011bvn\u00edk\u016f a\/nebo dal\u0161\u00edch informac\u00ed.<\/p>\n\n\n\n<h3 class=\"wp-block-heading\">Z\u00e1sady ochrany osobn\u00edch \u00fadaj\u016f CCPA (Neprod\u00e1vejte m\u00e9 osobn\u00ed \u00fadaje)<\/h3>\n\n\n\n<p>Podle z\u00e1kona CCPA maj\u00ed kaliforn\u0161t\u00ed spot\u0159ebitel\u00e9 mimo jin\u00e9 pr\u00e1vo na:<\/p>\n\n\n\n<p>Po\u017e\u00e1dejte firmu, kter\u00e1 shroma\u017e\u010fuje osobn\u00ed \u00fadaje spot\u0159ebitel\u016f, o zve\u0159ejn\u011bn\u00ed kategori\u00ed a konkr\u00e9tn\u00edch osobn\u00edch \u00fadaj\u016f, kter\u00e9 firma o spot\u0159ebitel\u00edch shrom\u00e1\u017edila.<\/p>\n\n\n\n<p>Po\u017e\u00e1dat firmu o vymaz\u00e1n\u00ed ve\u0161ker\u00fdch osobn\u00edch \u00fadaj\u016f o spot\u0159ebiteli, kter\u00e9 firma shrom\u00e1\u017edila.<\/p>\n\n\n\n<p>Po\u017eadovat, aby firma, kter\u00e1 prod\u00e1v\u00e1 osobn\u00ed \u00fadaje spot\u0159ebitele, neprod\u00e1vala osobn\u00ed \u00fadaje spot\u0159ebitele.<\/p>\n\n\n\n<p>Pokud pod\u00e1te \u017e\u00e1dost, m\u00e1me jeden m\u011bs\u00edc na to, abychom v\u00e1m odpov\u011bd\u011bli. Pokud byste cht\u011bli uplatnit n\u011bkter\u00e9 z t\u011bchto pr\u00e1v, kontaktujte n\u00e1s pros\u00edm.<\/p>\n\n\n\n<h3 class=\"wp-block-heading\">Z\u00e1sady ochrany osobn\u00edch \u00fadaj\u016f GDPR (pr\u00e1va na ochranu osobn\u00edch \u00fadaj\u016f)<\/h3>\n\n\n\n<p>R\u00e1di bychom se ujistili, \u017ee jste si pln\u011b v\u011bdomi v\u0161ech sv\u00fdch pr\u00e1v na ochranu osobn\u00edch \u00fadaj\u016f. Ka\u017ed\u00fd u\u017eivatel m\u00e1 n\u00e1rok na n\u00e1sleduj\u00edc\u00ed:<\/p>\n\n\n\n<p>Pr\u00e1vo na p\u0159\u00edstup \u2013 M\u00e1te pr\u00e1vo po\u017e\u00e1dat o kopie sv\u00fdch osobn\u00edch \u00fadaj\u016f. Za tuto slu\u017ebu v\u00e1m m\u016f\u017eeme \u00fa\u010dtovat mal\u00fd poplatek.<\/p>\n\n\n\n<p>Pr\u00e1vo na opravu \u2013 M\u00e1te pr\u00e1vo po\u017e\u00e1dat n\u00e1s o opravu jak\u00fdchkoli informac\u00ed, kter\u00e9 pova\u017eujete za nep\u0159esn\u00e9. M\u00e1te tak\u00e9 pr\u00e1vo po\u017e\u00e1dat n\u00e1s o dopln\u011bn\u00ed informac\u00ed, kter\u00e9 pova\u017eujete za ne\u00fapln\u00e9.<\/p>\n\n\n\n<p>Pr\u00e1vo na v\u00fdmaz \u2013 Za ur\u010dit\u00fdch podm\u00ednek m\u00e1te pr\u00e1vo po\u017e\u00e1dat o v\u00fdmaz va\u0161ich osobn\u00edch \u00fadaj\u016f.<\/p>\n\n\n\n<p>Pr\u00e1vo na omezen\u00ed zpracov\u00e1n\u00ed \u2013 M\u00e1te pr\u00e1vo po\u017e\u00e1dat, abychom za ur\u010dit\u00fdch podm\u00ednek omezili zpracov\u00e1n\u00ed va\u0161ich osobn\u00edch \u00fadaj\u016f.<\/p>\n\n\n\n<p>Pr\u00e1vo vzn\u00e9st n\u00e1mitku proti zpracov\u00e1n\u00ed \u2013 Za ur\u010dit\u00fdch podm\u00ednek m\u00e1te pr\u00e1vo vzn\u00e9st n\u00e1mitku proti zpracov\u00e1n\u00ed va\u0161ich osobn\u00edch \u00fadaj\u016f.<\/p>\n\n\n\n<p>Pr\u00e1vo na p\u0159enositelnost \u00fadaj\u016f \u2013 M\u00e1te pr\u00e1vo po\u017e\u00e1dat n\u00e1s, abychom za ur\u010dit\u00fdch podm\u00ednek p\u0159evedli \u00fadaje, kter\u00e9 jsme shrom\u00e1\u017edili, jin\u00e9 organizaci nebo p\u0159\u00edmo v\u00e1m.<\/p>\n\n\n\n<p>Pokud pod\u00e1te \u017e\u00e1dost, m\u00e1me jeden m\u011bs\u00edc na to, abychom v\u00e1m odpov\u011bd\u011bli. Pokud byste cht\u011bli uplatnit n\u011bkter\u00e9 z t\u011bchto pr\u00e1v, kontaktujte n\u00e1s pros\u00edm.<\/p>\n\n\n\n<h3 class=\"wp-block-heading\">Informace o d\u011btech<\/h3>\n\n\n\n<p>Dal\u0161\u00ed sou\u010d\u00e1st\u00ed na\u0161\u00ed priority je zv\u00fd\u0161en\u00ed ochrany d\u011bt\u00ed p\u0159i pou\u017e\u00edv\u00e1n\u00ed internetu. Vyz\u00fdv\u00e1me rodi\u010de a z\u00e1konn\u00e9 z\u00e1stupce, aby pozorovali, \u00fa\u010dastnili se a\/nebo monitorovali a usm\u011br\u0148ovali jejich online aktivity.<\/p>\n\n\n\n<p>Holiday Homes Maridu v\u011bdom\u011b neshroma\u017e\u010fuje \u017e\u00e1dn\u00e9 osobn\u00ed \u00fadaje od d\u011bt\u00ed mlad\u0161\u00edch 13 let. Pokud se domn\u00edv\u00e1te, \u017ee va\u0161e d\u00edt\u011b poskytlo tento druh informac\u00ed na na\u0161ich webov\u00fdch str\u00e1nk\u00e1ch, d\u016frazn\u011b v\u00e1m doporu\u010dujeme, abyste n\u00e1s neprodlen\u011b kontaktovali a my se vynasna\u017e\u00edme tyto informace z na\u0161ich z\u00e1znam\u016f neprodlen\u011b odstranit.<\/p>","protected":false},"excerpt":{"rendered":"<p>Privacy Policy for Holiday Homes Maridu At Holiday Homes Maridu, accessible at&nbsp;www.holidayhomesmaridu.com, one of our main priorities is the privacy of our visitors. This Privacy Policy document contains types of information that is collected and recorded by&nbsp;Holiday Homes Maridu&nbsp;and how we use it. If you have additional questions or require more information about our Privacy [&hellip;]<\/p>\n","protected":false},"author":3,"featured_media":0,"parent":0,"menu_order":0,"comment_status":"closed","ping_status":"closed","template":"","meta":{"footnotes":""},"class_list":["post-642","page","type-page","status-publish","hentry"],"blocksy_meta":[],"_links":{"self":[{"href":"https:\/\/holidayhomesmaridu.com\/cs\/wp-json\/wp\/v2\/pages\/642","targetHints":{"allow":["GET"]}}],"collection":[{"href":"https:\/\/holidayhomesmaridu.com\/cs\/wp-json\/wp\/v2\/pages"}],"about":[{"href":"https:\/\/holidayhomesmaridu.com\/cs\/wp-json\/wp\/v2\/types\/page"}],"author":[{"embeddable":true,"href":"https:\/\/holidayhomesmaridu.com\/cs\/wp-json\/wp\/v2\/users\/3"}],"replies":[{"embeddable":true,"href":"https:\/\/holidayhomesmaridu.com\/cs\/wp-json\/wp\/v2\/comments?post=642"}],"version-history":[{"count":1,"href":"https:\/\/holidayhomesmaridu.com\/cs\/wp-json\/wp\/v2\/pages\/642\/revisions"}],"predecessor-version":[{"id":643,"href":"https:\/\/holidayhomesmaridu.com\/cs\/wp-json\/wp\/v2\/pages\/642\/revisions\/643"}],"wp:attachment":[{"href":"https:\/\/holidayhomesmaridu.com\/cs\/wp-json\/wp\/v2\/media?parent=642"}],"curies":[{"name":"wp","href":"https:\/\/api.w.org\/{rel}","templated":true}]}}