{"id":47,"date":"2025-03-19T17:44:30","date_gmt":"2025-03-19T17:44:30","guid":{"rendered":"https:\/\/maridu.makeitmatter.studio\/?page_id=47"},"modified":"2025-12-02T08:23:20","modified_gmt":"2025-12-02T07:23:20","slug":"holiday-homes-maridu-2","status":"publish","type":"page","link":"https:\/\/holidayhomesmaridu.com\/fr\/","title":{"rendered":"Maisons de vacances Maridu"},"content":{"rendered":"\t\t<div data-elementor-type=\"wp-page\" data-elementor-id=\"47\" class=\"elementor elementor-47\" data-elementor-post-type=\"page\">\n\t\t\t\t<div class=\"elementor-element elementor-element-f07b2f9 e-flex e-con-boxed e-con e-parent\" data-id=\"f07b2f9\" data-element_type=\"container\" data-e-type=\"container\" data-settings=\"{&quot;background_background&quot;:&quot;classic&quot;,&quot;background_motion_fx_motion_fx_scrolling&quot;:&quot;yes&quot;,&quot;background_motion_fx_scale_effect&quot;:&quot;yes&quot;,&quot;background_motion_fx_scale_direction&quot;:&quot;in-out&quot;,&quot;background_motion_fx_scale_speed&quot;:{&quot;unit&quot;:&quot;px&quot;,&quot;size&quot;:2,&quot;sizes&quot;:[]},&quot;background_motion_fx_scale_range&quot;:{&quot;unit&quot;:&quot;%&quot;,&quot;size&quot;:&quot;&quot;,&quot;sizes&quot;:{&quot;start&quot;:20,&quot;end&quot;:80}},&quot;background_motion_fx_devices&quot;:[&quot;desktop&quot;,&quot;tablet&quot;,&quot;mobile&quot;]}\">\n\t\t\t\t\t<div class=\"e-con-inner\">\n\t\t<div class=\"elementor-element elementor-element-93bf78b e-con-full e-flex e-con e-child\" data-id=\"93bf78b\" data-element_type=\"container\" data-e-type=\"container\">\n\t\t<div class=\"elementor-element elementor-element-3933abd e-con-full e-flex e-con e-child\" data-id=\"3933abd\" data-element_type=\"container\" data-e-type=\"container\">\n\t\t\t\t<div class=\"elementor-element elementor-element-a43364b elementor-invisible elementor-widget elementor-widget-heading\" data-id=\"a43364b\" data-element_type=\"widget\" data-e-type=\"widget\" data-settings=\"{&quot;_animation&quot;:&quot;fadeIn&quot;,&quot;_animation_delay&quot;:0}\" data-widget_type=\"heading.default\">\n\t\t\t\t\t<h3 class=\"elementor-heading-title elementor-size-default\">Let maridu amaze you<\/h3>\t\t\t\t<\/div>\n\t\t\t\t<div class=\"elementor-element elementor-element-850cc89 elementor-invisible elementor-widget elementor-widget-heading\" data-id=\"850cc89\" data-element_type=\"widget\" data-e-type=\"widget\" data-settings=\"{&quot;_animation&quot;:&quot;fadeIn&quot;,&quot;_animation_delay&quot;:50}\" data-widget_type=\"heading.default\">\n\t\t\t\t\t<h1 class=\"elementor-heading-title elementor-size-default\"><em>Unique holiday homes<\/em> for you and your family<\/h1>\t\t\t\t<\/div>\n\t\t\t\t<\/div>\n\t\t<div class=\"elementor-element elementor-element-c4a55b3 e-con-full e-flex e-con e-child\" data-id=\"c4a55b3\" data-element_type=\"container\" data-e-type=\"container\">\n\t\t\t\t<\/div>\n\t\t\t\t<\/div>\n\t\t<div class=\"elementor-element elementor-element-a059da0 e-con-full e-flex e-con e-child\" data-id=\"a059da0\" data-element_type=\"container\" data-e-type=\"container\">\n\t\t\t\t<div class=\"elementor-element elementor-element-eea7b48 elementor-widget elementor-widget-heading\" data-id=\"eea7b48\" data-element_type=\"widget\" data-e-type=\"widget\" data-widget_type=\"heading.default\">\n\t\t\t\t\t<h3 class=\"elementor-heading-title elementor-size-default\">wellness in the wild<\/h3>\t\t\t\t<\/div>\n\t\t\t\t<div class=\"elementor-element elementor-element-a78219d elementor-widget elementor-widget-heading\" data-id=\"a78219d\" data-element_type=\"widget\" data-e-type=\"widget\" data-widget_type=\"heading.default\">\n\t\t\t\t\t<h2 class=\"elementor-heading-title elementor-size-default\">Find your perfect getaway<\/h2>\t\t\t\t<\/div>\n\t\t\t\t<div class=\"elementor-element elementor-element-e6d148f elementor-widget elementor-widget-html\" data-id=\"e6d148f\" data-element_type=\"widget\" data-e-type=\"widget\" data-widget_type=\"html.default\">\n\t\t\t\t\t<script src=\"https:\/\/d2q3n06xhbi0am.cloudfront.net\/widget.js?1640277196\"><\/script>\n<script>\n  window.searchBar({\n    baseUrl: 'https:\/\/holidayhomesmaridu.holidayfuture.com',\n    showLocation: true,\n    color: '#D9BFDD',\n    rounded: true,\n    openInNewTab: true, \/\/ or false\n    font: 'Open Sans',\n  });\n<\/script>\n<div id=\"hostaway-booking-widget\"><\/div>\n\t\t\t\t<\/div>\n\t\t\t\t<div class=\"elementor-element elementor-element-d4b1065 elementor-invisible elementor-widget elementor-widget-button\" data-id=\"d4b1065\" data-element_type=\"widget\" data-e-type=\"widget\" data-settings=\"{&quot;_animation&quot;:&quot;fadeIn&quot;,&quot;_animation_delay&quot;:125}\" data-widget_type=\"button.default\">\n\t\t\t\t\t\t\t\t\t\t<a class=\"elementor-button elementor-button-link elementor-size-sm\" href=\"https:\/\/holidayhomesmaridu.com\/our-holiday-homes\/\">\n\t\t\t\t\t\t<span class=\"elementor-button-content-wrapper\">\n\t\t\t\t\t\t\t\t\t<span class=\"elementor-button-text\">Browse all our holiday homes<\/span>\n\t\t\t\t\t<\/span>\n\t\t\t\t\t<\/a>\n\t\t\t\t\t\t\t\t<\/div>\n\t\t\t\t<\/div>\n\t\t\t\t\t<\/div>\n\t\t\t\t<\/div>\n\t\t<div class=\"elementor-element elementor-element-514d3d3 e-flex e-con-boxed e-con e-parent\" data-id=\"514d3d3\" data-element_type=\"container\" data-e-type=\"container\" data-settings=\"{&quot;background_background&quot;:&quot;classic&quot;,&quot;shape_divider_top&quot;:&quot;tilt&quot;}\">\n\t\t\t\t\t<div class=\"e-con-inner\">\n\t\t\t\t<div class=\"elementor-shape elementor-shape-top\" aria-hidden=\"true\" data-negative=\"false\">\n\t\t\t<svg xmlns=\"http:\/\/www.w3.org\/2000\/svg\" viewBox=\"0 0 1000 100\" preserveAspectRatio=\"none\">\n\t<path class=\"elementor-shape-fill\" d=\"M0,6V0h1000v100L0,6z\"\/>\n<\/svg>\t\t<\/div>\n\t\t<div class=\"elementor-element elementor-element-34993ae e-con-full e-flex e-con e-child\" data-id=\"34993ae\" data-element_type=\"container\" data-e-type=\"container\">\n\t\t\t\t<div class=\"elementor-element elementor-element-e6caa6f elementor-widget elementor-widget-heading\" data-id=\"e6caa6f\" data-element_type=\"widget\" data-e-type=\"widget\" data-widget_type=\"heading.default\">\n\t\t\t\t\t<h3 class=\"elementor-heading-title elementor-size-default\">The Maridu Experience <\/h3>\t\t\t\t<\/div>\n\t\t\t\t<div class=\"elementor-element elementor-element-5577b61 elementor-widget elementor-widget-heading\" data-id=\"5577b61\" data-element_type=\"widget\" data-e-type=\"widget\" data-widget_type=\"heading.default\">\n\t\t\t\t\t<h2 class=\"elementor-heading-title elementor-size-default\">Our Latest Stories<\/h2>\t\t\t\t<\/div>\n\t\t\t\t<div class=\"elementor-element elementor-element-3ce7a81 elementor-widget elementor-widget-shortcode\" data-id=\"3ce7a81\" data-element_type=\"widget\" data-e-type=\"widget\" data-widget_type=\"shortcode.default\">\n\t\t\t\t\t\t\t<div class=\"elementor-shortcode\"><div class=\"ct-posts-shortcode\" data-prefix=\"blog\"><div class=\"entries\" data-archive=\"default\" data-layout=\"grid\" data-cards=\"boxed\"><article class=\"entry-card card-content post-1862 post type-post status-publish format-standard has-post-thumbnail hentry category-activities\" data-reveal=\"bottom:no\"><a class=\"ct-media-container boundless-image\" href=\"https:\/\/holidayhomesmaridu.com\/fr\/burgers-zoo-near-arnhem\/\" aria-label=\"Burgers&#8217; Zoo Near Arnhem: A Great Family Day Out During Your Stay\"><img loading=\"lazy\" decoding=\"async\" width=\"768\" height=\"512\" src=\"https:\/\/holidayhomesmaridu.com\/wp-content\/uploads\/2026\/02\/burgers-zoo-768x512.jpg\" class=\"attachment-medium_large size-medium_large wp-post-image\" alt=\"Manatee swimming in aquarium exhibit\" loading=\"lazy\" srcset=\"https:\/\/holidayhomesmaridu.com\/wp-content\/uploads\/2026\/02\/burgers-zoo-768x512.jpg 768w, https:\/\/holidayhomesmaridu.com\/wp-content\/uploads\/2026\/02\/burgers-zoo-300x200.jpg 300w, https:\/\/holidayhomesmaridu.com\/wp-content\/uploads\/2026\/02\/burgers-zoo-1024x683.jpg 1024w, https:\/\/holidayhomesmaridu.com\/wp-content\/uploads\/2026\/02\/burgers-zoo-18x12.jpg 18w, https:\/\/holidayhomesmaridu.com\/wp-content\/uploads\/2026\/02\/burgers-zoo.jpg 1280w\" sizes=\"auto, (max-width: 768px) 100vw, 768px\" itemprop=\"image\" style=\"aspect-ratio: 4\/3;\" title=\"Burgers&#039; Zoo Near Arnhem: A Great Family Day Out During Your Stay\"><\/a><ul class=\"entry-meta\" data-type=\"simple:slash\" data-id=\"meta_1\" ><li class=\"meta-categories\" data-type=\"simple\"><a href=\"https:\/\/holidayhomesmaridu.com\/fr\/category\/activities\/\" rel=\"tag\" class=\"ct-term-61\">Activities<\/a><\/li><\/ul><h2 class=\"entry-title\"><a href=\"https:\/\/holidayhomesmaridu.com\/fr\/burgers-zoo-near-arnhem\/\" rel=\"bookmark\">Burgers&#8217; Zoo Near Arnhem: A Great Family Day Out During Your Stay<\/a><\/h2><div class=\"entry-excerpt\"><p>A Family Day at Burgers&#8217; Zoo Near Arnhem During a stay near Arnhem or in the Veluwe, it is always\u2026<\/p>\n<\/div><a class=\"entry-button\" href=\"https:\/\/holidayhomesmaridu.com\/fr\/burgers-zoo-near-arnhem\/\">Read more<svg width=\"17px\" height=\"17px\" viewBox=\"0 0 32 32\" fill=\"currentColor\"><path d=\"M 21.1875 9.28125 L 19.78125 10.71875 L 24.0625 15 L 4 15 L 4 17 L 24.0625 17 L 19.78125 21.28125 L 21.1875 22.71875 L 27.90625 16 Z \"><\/path><\/svg><span class=\"screen-reader-text\">Burgers&#8217; Zoo Near Arnhem: A Great Family Day Out During Your Stay<\/span><\/a><\/article><article class=\"entry-card card-content post-1628 post type-post status-publish format-standard has-post-thumbnail hentry category-activities category-blog tag-forestlodge\" data-reveal=\"bottom:no\"><a class=\"ct-media-container boundless-image\" href=\"https:\/\/holidayhomesmaridu.com\/fr\/a-day-on-the-veluwe\/\" aria-label=\"A Day on the Veluwe\"><img loading=\"lazy\" decoding=\"async\" width=\"768\" height=\"512\" src=\"https:\/\/holidayhomesmaridu.com\/wp-content\/uploads\/2025\/07\/maridu-l-cube-0015-768x512.jpg\" class=\"attachment-medium_large size-medium_large wp-post-image\" alt=\"Family enjoying meal together\" loading=\"lazy\" srcset=\"https:\/\/holidayhomesmaridu.com\/wp-content\/uploads\/2025\/07\/maridu-l-cube-0015-768x512.jpg 768w, https:\/\/holidayhomesmaridu.com\/wp-content\/uploads\/2025\/07\/maridu-l-cube-0015-300x200.jpg 300w, https:\/\/holidayhomesmaridu.com\/wp-content\/uploads\/2025\/07\/maridu-l-cube-0015-1024x682.jpg 1024w, https:\/\/holidayhomesmaridu.com\/wp-content\/uploads\/2025\/07\/maridu-l-cube-0015.jpg 1280w\" sizes=\"auto, (max-width: 768px) 100vw, 768px\" itemprop=\"image\" style=\"aspect-ratio: 4\/3;\" title=\"A Day on the Veluwe\"><\/a><ul class=\"entry-meta\" data-type=\"simple:slash\" data-id=\"meta_1\" ><li class=\"meta-categories\" data-type=\"simple\"><a href=\"https:\/\/holidayhomesmaridu.com\/fr\/category\/activities\/\" rel=\"tag\" class=\"ct-term-61\">Activities<\/a>, <a href=\"https:\/\/holidayhomesmaridu.com\/fr\/category\/blog\/\" rel=\"tag\" class=\"ct-term-1\">Blog<\/a><\/li><\/ul><h2 class=\"entry-title\"><a href=\"https:\/\/holidayhomesmaridu.com\/fr\/a-day-on-the-veluwe\/\" rel=\"bookmark\">A Day on the Veluwe<\/a><\/h2><div class=\"entry-excerpt\"><p>A Day on the Veluwe: Cycling, Nature, and Family Fun Last weekend we stayed at the Forest Lodge on the\u2026<\/p>\n<\/div><a class=\"entry-button\" href=\"https:\/\/holidayhomesmaridu.com\/fr\/a-day-on-the-veluwe\/\">Read more<svg width=\"17px\" height=\"17px\" viewBox=\"0 0 32 32\" fill=\"currentColor\"><path d=\"M 21.1875 9.28125 L 19.78125 10.71875 L 24.0625 15 L 4 15 L 4 17 L 24.0625 17 L 19.78125 21.28125 L 21.1875 22.71875 L 27.90625 16 Z \"><\/path><\/svg><span class=\"screen-reader-text\">A Day on the Veluwe<\/span><\/a><\/article><article class=\"entry-card card-content post-1619 post type-post status-publish format-standard has-post-thumbnail hentry category-activities category-local-spots tag-elizabeth\" data-reveal=\"bottom:no\"><a class=\"ct-media-container boundless-image\" href=\"https:\/\/holidayhomesmaridu.com\/fr\/6-must-see-attractions-near-roztoky-u-jilemnice\/\" aria-label=\"6 Must-See Attractions Near Roztoky u Jilemnice\"><img loading=\"lazy\" decoding=\"async\" width=\"768\" height=\"432\" src=\"https:\/\/holidayhomesmaridu.com\/wp-content\/uploads\/2025\/07\/maridu-elizabeth-0024-768x432.jpg\" class=\"attachment-medium_large size-medium_large wp-post-image\" alt=\"Rural white house with trees.\" loading=\"lazy\" srcset=\"https:\/\/holidayhomesmaridu.com\/wp-content\/uploads\/2025\/07\/maridu-elizabeth-0024-768x432.jpg 768w, https:\/\/holidayhomesmaridu.com\/wp-content\/uploads\/2025\/07\/maridu-elizabeth-0024-300x169.jpg 300w, https:\/\/holidayhomesmaridu.com\/wp-content\/uploads\/2025\/07\/maridu-elizabeth-0024-1024x576.jpg 1024w, https:\/\/holidayhomesmaridu.com\/wp-content\/uploads\/2025\/07\/maridu-elizabeth-0024.jpg 1280w\" sizes=\"auto, (max-width: 768px) 100vw, 768px\" itemprop=\"image\" style=\"aspect-ratio: 4\/3;\" title=\"6 Must-See Attractions Near Roztoky u Jilemnice\"><\/a><ul class=\"entry-meta\" data-type=\"simple:slash\" data-id=\"meta_1\" ><li class=\"meta-categories\" data-type=\"simple\"><a href=\"https:\/\/holidayhomesmaridu.com\/fr\/category\/activities\/\" rel=\"tag\" class=\"ct-term-61\">Activities<\/a>, <a href=\"https:\/\/holidayhomesmaridu.com\/fr\/category\/local-spots\/\" rel=\"tag\" class=\"ct-term-57\">Local spots<\/a><\/li><\/ul><h2 class=\"entry-title\"><a href=\"https:\/\/holidayhomesmaridu.com\/fr\/6-must-see-attractions-near-roztoky-u-jilemnice\/\" rel=\"bookmark\">6 Must-See Attractions Near Roztoky u Jilemnice<\/a><\/h2><div class=\"entry-excerpt\"><p>(Plus a Charming Country Home to Stay) Looking for a peaceful Czech village that places you between majestic mountains, nature\u2026<\/p>\n<\/div><a class=\"entry-button\" href=\"https:\/\/holidayhomesmaridu.com\/fr\/6-must-see-attractions-near-roztoky-u-jilemnice\/\">Read more<svg width=\"17px\" height=\"17px\" viewBox=\"0 0 32 32\" fill=\"currentColor\"><path d=\"M 21.1875 9.28125 L 19.78125 10.71875 L 24.0625 15 L 4 15 L 4 17 L 24.0625 17 L 19.78125 21.28125 L 21.1875 22.71875 L 27.90625 16 Z \"><\/path><\/svg><span class=\"screen-reader-text\">6 Must-See Attractions Near Roztoky u Jilemnice<\/span><\/a><\/article><article class=\"entry-card card-content post-1612 post type-post status-publish format-standard has-post-thumbnail hentry category-activities tag-celine\" data-reveal=\"bottom:no\"><a class=\"ct-media-container boundless-image\" href=\"https:\/\/holidayhomesmaridu.com\/fr\/6-must-see-attractions-near-velke-svatonoviceupice\/\" aria-label=\"6 Must-See Attractions Near Velk\u00e9 Svato\u0148ovice-\u00dapice\"><img loading=\"lazy\" decoding=\"async\" width=\"768\" height=\"432\" src=\"https:\/\/holidayhomesmaridu.com\/wp-content\/uploads\/2025\/07\/maridu-celine-0001-768x432.jpg\" class=\"attachment-medium_large size-medium_large wp-post-image\" alt=\"Rural village aerial view\" loading=\"lazy\" srcset=\"https:\/\/holidayhomesmaridu.com\/wp-content\/uploads\/2025\/07\/maridu-celine-0001-768x432.jpg 768w, https:\/\/holidayhomesmaridu.com\/wp-content\/uploads\/2025\/07\/maridu-celine-0001-300x169.jpg 300w, https:\/\/holidayhomesmaridu.com\/wp-content\/uploads\/2025\/07\/maridu-celine-0001-1024x576.jpg 1024w, https:\/\/holidayhomesmaridu.com\/wp-content\/uploads\/2025\/07\/maridu-celine-0001.jpg 1280w\" sizes=\"auto, (max-width: 768px) 100vw, 768px\" itemprop=\"image\" style=\"aspect-ratio: 4\/3;\" title=\"6 Must-See Attractions Near Velk\u00e9 Svato\u0148ovice-\u00dapice\"><\/a><ul class=\"entry-meta\" data-type=\"simple:slash\" data-id=\"meta_1\" ><li class=\"meta-categories\" data-type=\"simple\"><a href=\"https:\/\/holidayhomesmaridu.com\/fr\/category\/activities\/\" rel=\"tag\" class=\"ct-term-61\">Activities<\/a><\/li><\/ul><h2 class=\"entry-title\"><a href=\"https:\/\/holidayhomesmaridu.com\/fr\/6-must-see-attractions-near-velke-svatonoviceupice\/\" rel=\"bookmark\">6 Must-See Attractions Near Velk\u00e9 Svato\u0148ovice-\u00dapice<\/a><\/h2><div class=\"entry-excerpt\"><p>6 Must-See Attractions Near Velk\u00e9 Svato\u0148ovice\u2013\u00dapice (Plus a Hidden Gem to Stay) Nestled in the serene landscape of East Bohemia,\u2026<\/p>\n<\/div><a class=\"entry-button\" href=\"https:\/\/holidayhomesmaridu.com\/fr\/6-must-see-attractions-near-velke-svatonoviceupice\/\">Read more<svg width=\"17px\" height=\"17px\" viewBox=\"0 0 32 32\" fill=\"currentColor\"><path d=\"M 21.1875 9.28125 L 19.78125 10.71875 L 24.0625 15 L 4 15 L 4 17 L 24.0625 17 L 19.78125 21.28125 L 21.1875 22.71875 L 27.90625 16 Z \"><\/path><\/svg><span class=\"screen-reader-text\">6 Must-See Attractions Near Velk\u00e9 Svato\u0148ovice-\u00dapice<\/span><\/a><\/article><\/div>\n\t\t<nav class=\"ct-pagination\" data-pagination=\"infinite_scroll\"  >\n\t\t\t<span aria-current=\"page\" class=\"page-numbers current\">1<\/span>\n<a class=\"page-numbers\" href=\"https:\/\/holidayhomesmaridu.com\/fr\/wp-json\/wp\/v2\/pages\/47\/page\/2\/\">2<\/a><a class=\"next page-numbers\" rel=\"next\" href=\"https:\/\/holidayhomesmaridu.com\/fr\/wp-json\/wp\/v2\/pages\/47\/page\/2\/\">Suivant <svg width=\"9px\" height=\"9px\" viewBox=\"0 0 15 15\" fill=\"currentColor\"><path d=\"M4.1,15c0.2,0,0.4-0.1,0.6-0.2L11.4,8c0.3-0.3,0.3-0.8,0-1.1L4.8,0.2C4.5-0.1,4-0.1,3.7,0.2C3.4,0.5,3.4,1,3.7,1.3l6.1,6.1l-6.2,6.2c-0.3,0.3-0.3,0.8,0,1.1C3.7,14.9,3.9,15,4.1,15z\"\/><\/svg><\/a>\n\t\t\t<div class=\"ct-load-more-helper\"><span class=\"ct-ajax-loader\">\n\t\t\t\t<svg viewBox=\"0 0 24 24\">\n\t\t\t\t\t<circle cx=\"12\" cy=\"12\" r=\"10\" opacity=\"0.2\" fill=\"none\" stroke=\"currentColor\" stroke-miterlimit=\"10\" stroke-width=\"2\"\/>\n\n\t\t\t\t\t<path d=\"m12,2c5.52,0,10,4.48,10,10\" fill=\"none\" stroke=\"currentColor\" stroke-linecap=\"round\" stroke-miterlimit=\"10\" stroke-width=\"2\">\n\t\t\t\t\t\t<animateTransform\n\t\t\t\t\t\t\tattributeName=\"transform\"\n\t\t\t\t\t\t\tattributeType=\"XML\"\n\t\t\t\t\t\t\ttype=\"rotate\"\n\t\t\t\t\t\t\tdur=\"0.6s\"\n\t\t\t\t\t\t\tfrom=\"0 12 12\"\n\t\t\t\t\t\t\tto=\"360 12 12\"\n\t\t\t\t\t\t\trepeatCount=\"indefinite\"\n\t\t\t\t\t\t\/>\n\t\t\t\t\t<\/path>\n\t\t\t\t<\/svg>\n\t\t\t<\/span><div class=\"ct-last-page-text\">Plus aucun article \u00e0 charger<\/div><\/div>\n\t\t<\/nav><\/div><\/div>\n\t\t\t\t\t\t<\/div>\n\t\t\t\t<div class=\"elementor-element elementor-element-62425b0 elementor-align-center elementor-widget elementor-widget-button\" data-id=\"62425b0\" data-element_type=\"widget\" data-e-type=\"widget\" data-widget_type=\"button.default\">\n\t\t\t\t\t\t\t\t\t\t<a class=\"elementor-button elementor-button-link elementor-size-sm\" href=\"https:\/\/holidayhomesmaridu.com\/blog\/\">\n\t\t\t\t\t\t<span class=\"elementor-button-content-wrapper\">\n\t\t\t\t\t\t\t\t\t<span class=\"elementor-button-text\">All stories<\/span>\n\t\t\t\t\t<\/span>\n\t\t\t\t\t<\/a>\n\t\t\t\t\t\t\t\t<\/div>\n\t\t\t\t<\/div>\n\t\t\t\t\t<\/div>\n\t\t\t\t<\/div>\n\t\t\t\t<\/div>\n\t\t","protected":false},"excerpt":{"rendered":"<p>Let maridu amaze you Unique holiday homes for you and your family wellness in the wild Find your perfect getaway Browse all our holiday homes The Maridu Experience Our Latest Stories All stories<\/p>","protected":false},"author":3,"featured_media":0,"parent":0,"menu_order":0,"comment_status":"closed","ping_status":"closed","template":"elementor_header_footer","meta":{"footnotes":""},"class_list":["post-47","page","type-page","status-publish","hentry"],"blocksy_meta":[],"_links":{"self":[{"href":"https:\/\/holidayhomesmaridu.com\/fr\/wp-json\/wp\/v2\/pages\/47","targetHints":{"allow":["GET"]}}],"collection":[{"href":"https:\/\/holidayhomesmaridu.com\/fr\/wp-json\/wp\/v2\/pages"}],"about":[{"href":"https:\/\/holidayhomesmaridu.com\/fr\/wp-json\/wp\/v2\/types\/page"}],"author":[{"embeddable":true,"href":"https:\/\/holidayhomesmaridu.com\/fr\/wp-json\/wp\/v2\/users\/3"}],"replies":[{"embeddable":true,"href":"https:\/\/holidayhomesmaridu.com\/fr\/wp-json\/wp\/v2\/comments?post=47"}],"version-history":[{"count":335,"href":"https:\/\/holidayhomesmaridu.com\/fr\/wp-json\/wp\/v2\/pages\/47\/revisions"}],"predecessor-version":[{"id":1810,"href":"https:\/\/holidayhomesmaridu.com\/fr\/wp-json\/wp\/v2\/pages\/47\/revisions\/1810"}],"wp:attachment":[{"href":"https:\/\/holidayhomesmaridu.com\/fr\/wp-json\/wp\/v2\/media?parent=47"}],"curies":[{"name":"wp","href":"https:\/\/api.w.org\/{rel}","templated":true}]}}