{"id":625,"date":"2025-06-24T16:17:37","date_gmt":"2025-06-24T14:17:37","guid":{"rendered":"https:\/\/maridu.makeitmatter.studio\/?page_id=625"},"modified":"2025-07-15T16:25:09","modified_gmt":"2025-07-15T14:25:09","slug":"conditions-generales","status":"publish","type":"page","link":"https:\/\/holidayhomesmaridu.com\/fr\/terms-conditions\/","title":{"rendered":"Conditions g\u00e9n\u00e9rales d'utilisation"},"content":{"rendered":"<h2 class=\"wp-block-heading\">Conditions d'utilisation<\/h2>\n\n\n\n<p>Conditions de r\u00e9servation pour Holiday Homes Maridu<\/p>\n\n\n\n<ol class=\"wp-block-list\">\n<li><a href=\"#confirmation\" data-type=\"internal\" data-id=\"#confirmation\">Confirmation de la r\u00e9servation<\/a><\/li>\n\n\n\n<li><a href=\"#costs\" data-type=\"internal\" data-id=\"#costs\">Co\u00fbts et services inclus<\/a><\/li>\n\n\n\n<li><a href=\"#payment\" data-type=\"internal\" data-id=\"#payment\">Conditions de paiement<\/a><\/li>\n\n\n\n<li><a href=\"#bank\" data-type=\"internal\" data-id=\"#bank\">Virement bancaire<\/a><\/li>\n\n\n\n<li id=\"house\"><a href=\"#house\" data-type=\"internal\" data-id=\"#house\">R\u00e8glement int\u00e9rieur<\/a><\/li>\n\n\n\n<li><a href=\"#key\" data-type=\"internal\" data-id=\"#key\">Informations cl\u00e9s<\/a><\/li>\n\n\n\n<li><a href=\"#Cancellation\" data-type=\"internal\" data-id=\"#Cancellation\">Politique d'annulation<\/a><\/li>\n\n\n\n<li><a href=\"#maximum\" data-type=\"internal\" data-id=\"#maximum\">Occupation maximale<\/a><\/li>\n\n\n\n<li><a href=\"#pets\" data-type=\"internal\" data-id=\"#pets\">Animaux de compagnie<\/a><\/li>\n\n\n\n<li><a href=\"#smoking\" data-type=\"internal\" data-id=\"#smoking\">Fumer<\/a><\/li>\n\n\n\n<li><a href=\"#deposit\" data-type=\"internal\" data-id=\"#deposit\">D\u00e9p\u00f4t<\/a><\/li>\n\n\n\n<li><a href=\"#forcemajeure\" data-type=\"internal\" data-id=\"#forcemajeure\">Force majeure et annulation par le bailleur<\/a><\/li>\n\n\n\n<li><a href=\"#Liability\" data-type=\"internal\" data-id=\"#Liability\">Responsabilit\u00e9<\/a><\/li>\n\n\n\n<li><a href=\"#Hostess\" data-type=\"internal\" data-id=\"#Hostess\">Soutien aux h\u00f4tesses<\/a><\/li>\n\n\n\n<li><a href=\"#complaints\">Plaintes<\/a><\/li>\n\n\n\n<li><a href=\"#additional\" data-type=\"internal\" data-id=\"#additional\">Services compl\u00e9mentaires<\/a><\/li>\n<\/ol>\n\n\n\n<p id=\"confirmation\"><strong>1. Confirmation de la r\u00e9servation :<\/strong><\/p>\n\n\n\n<p>Si votre r\u00e9servation est accept\u00e9e, vous recevrez une confirmation d\u00e9taillant le s\u00e9jour choisi et sa dur\u00e9e.<\/p>\n\n\n\n<p id=\"costs\"><strong>2. Co\u00fbts et services inclus :<\/strong><\/p>\n\n\n\n<p><em>Le prix total de votre s\u00e9jour comprend<\/em><\/p>\n\n\n\n<ul class=\"wp-block-list\">\n<li>Gaz, eau et \u00e9lectricit\u00e9<\/li>\n\n\n\n<li>Draps et serviettes<\/li>\n\n\n\n<li>Kit de cuisine (brosse \u00e0 vaisselle, d\u00e9tergent, 3 pastilles pour lave-vaisselle au maximum, torchon et sac \u00e0 ordures)<\/li>\n\n\n\n<li>Taxe de s\u00e9jour<\/li>\n\n\n\n<li>Nettoyage final<\/li>\n\n\n\n<li>Wi-Fi<\/li>\n<\/ul>\n\n\n\n<p id=\"payment\"><strong>3. Conditions de paiement :<\/strong><\/p>\n\n\n\n<ul class=\"wp-block-list\">\n<li>50% du montant total doit \u00eatre pay\u00e9 dans les 3 jours suivant la r\u00e9servation. Si ce paiement n'est pas effectu\u00e9, la r\u00e9servation sera annul\u00e9e.<\/li>\n\n\n\n<li>Si le paiement a \u00e9t\u00e9 effectu\u00e9 par carte de cr\u00e9dit sur le site web, le montant sera d\u00e9duit du compte dans les 3 jours et aucun autre virement bancaire ne sera n\u00e9cessaire.<\/li>\n\n\n\n<li>Le solde doit \u00eatre pay\u00e9 au moins 4 semaines avant l'arriv\u00e9e, sauf si le paiement a d\u00e9j\u00e0 \u00e9t\u00e9 effectu\u00e9 par carte de cr\u00e9dit sur le site web.<\/li>\n<\/ul>\n\n\n\n<p id=\"bank\"><strong>4. Virement bancaire (si le paiement n'a pas \u00e9t\u00e9 effectu\u00e9 par carte de cr\u00e9dit) :<\/strong><\/p>\n\n\n\n<ul class=\"wp-block-list\">\n<li>IBAN : NL53 BUNQ 2093 6362 47<\/li>\n\n\n\n<li>Nom du compte : Holiday Homes Maridu<\/li>\n\n\n\n<li>Veuillez utiliser la p\u00e9riode de votre s\u00e9jour et le nom de la maison de vacances comme r\u00e9f\u00e9rence.<\/li>\n<\/ul>\n\n\n\n<p id=\"house\"><strong>5. R\u00e8glement int\u00e9rieur :<\/strong><\/p>\n\n\n\n<ul class=\"wp-block-list\">\n<li>La propri\u00e9t\u00e9 ne peut \u00eatre habit\u00e9e que par le nombre de personnes sp\u00e9cifi\u00e9 lors de la r\u00e9servation.<\/li>\n\n\n\n<li>Des frais seront appliqu\u00e9s en cas de vol ou de perte.<\/li>\n\n\n\n<li>Les f\u00eates ou rassemblements ne sont pas autoris\u00e9s.<\/li>\n\n\n\n<li>Le d\u00e9part doit avoir lieu avant 10h00. Les d\u00e9parts tardifs entra\u00eenent des frais suppl\u00e9mentaires.<\/li>\n\n\n\n<li>Les h\u00f4tes sont tenus de laisser la maison en ordre ; dans le cas contraire, des frais de nettoyage suppl\u00e9mentaires peuvent s'appliquer.<\/li>\n\n\n\n<li>Il est strictement interdit de fumer \u00e0 l'int\u00e9rieur de la propri\u00e9t\u00e9.<\/li>\n<\/ul>\n\n\n\n<p id=\"key\"><strong>6. Informations cl\u00e9s :<\/strong><\/p>\n\n\n\n<ul class=\"wp-block-list\">\n<li>Vous recevrez des informations sur l'acc\u00e8s \u00e0 la propri\u00e9t\u00e9 avant votre arriv\u00e9e.<\/li>\n<\/ul>\n\n\n\n<p id=\"Cancellation\"><strong>7. Politique d'annulation :<\/strong><\/p>\n\n\n\n<ul class=\"wp-block-list\">\n<li>En cas d'annulation jusqu'\u00e0 4 semaines avant l'arriv\u00e9e, 50% du montant total seront factur\u00e9s.<\/li>\n\n\n\n<li>Pour les r\u00e9servations dans nos propri\u00e9t\u00e9s n\u00e9erlandaises sur Europarcs, aucun remboursement ne sera effectu\u00e9 apr\u00e8s la r\u00e9servation.<\/li>\n<\/ul>\n\n\n\n<p>Nous nous r\u00e9jouissons de vous accueillir \u00e0 Holiday Homes Maridu !<\/p>\n\n\n\n<h3 class=\"wp-block-heading\">Conditions suppl\u00e9mentaires<\/h3>\n\n\n\n<p id=\"maximum\"><strong>8. Occupation maximale :<\/strong><\/p>\n\n\n\n<p>Chaque maison de vacances a un nombre maximum d'occupants. Les h\u00f4tes ne sont pas autoris\u00e9s \u00e0 s\u00e9journer avec plus de personnes que le nombre indiqu\u00e9, \u00e0 moins que cela n'ait \u00e9t\u00e9 convenu par \u00e9crit au pr\u00e9alable. Le d\u00e9passement de ce nombre peut entra\u00eener la r\u00e9siliation du contrat de location sans remboursement des frais de location pay\u00e9s.<\/p>\n\n\n\n<p id=\"pets\"><strong>9. Animaux de compagnie :<\/strong><\/p>\n\n\n\n<p>Les animaux domestiques ne sont autoris\u00e9s dans la maison de vacances qu'avec un accord \u00e9crit pr\u00e9alable. Des frais suppl\u00e9mentaires peuvent \u00eatre factur\u00e9s pour les animaux de compagnie. Les h\u00f4tes sont responsables de tout dommage caus\u00e9 par leurs animaux.<\/p>\n\n\n\n<p id=\"smoking\"><strong>10. Fumer :<\/strong><\/p>\n\n\n\n<p>Dans toutes les maisons de vacances de \u201cHoliday Homes Maridu\u201d, il est strictement interdit de fumer. Toute infraction peut entra\u00eener une amende \u00e9gale \u00e0 la caution ou \u00e0 un montant pr\u00e9d\u00e9termin\u00e9.<\/p>\n\n\n\n<p id=\"deposit\"><strong>11. D\u00e9p\u00f4t :<\/strong><\/p>\n\n\n\n<p>\u00c0 l'arriv\u00e9e, un d\u00e9p\u00f4t de garantie peut \u00eatre exig\u00e9. Apr\u00e8s le d\u00e9part et l'inspection du logement, cette caution sera rembours\u00e9e, \u00e0 condition qu'il n'y ait pas eu de dommages, de pertes ou d'infractions au r\u00e8glement int\u00e9rieur.<\/p>\n\n\n\n<p id=\"forcemajeure\"><strong>12. Force majeure et annulation par le bailleur :<\/strong><\/p>\n\n\n\n<p>En cas de force majeure (y compris, mais sans s'y limiter, les catastrophes naturelles, les pand\u00e9mies, les gr\u00e8ves ou la fermeture impr\u00e9vue d'installations), \u201cHoliday Homes Maridu\u201d se r\u00e9serve le droit d'annuler la r\u00e9servation. Le locataire en sera inform\u00e9 dans les plus brefs d\u00e9lais et recevra le remboursement int\u00e9gral du montant d\u00e9j\u00e0 pay\u00e9.<\/p>\n\n\n\n<p id=\"liability\"><strong>13. Responsabilit\u00e9 :<\/strong><\/p>\n\n\n\n<p>\u201cHoliday Homes Maridu\u201d n'est pas responsable des pertes, vols, dommages, blessures ou d\u00e9sagr\u00e9ments caus\u00e9s aux locataires, \u00e0 moins qu'il ne s'agisse du r\u00e9sultat direct d'une n\u00e9gligence grave de la part de \u201cHoliday Homes Maridu\u201d.<\/p>\n\n\n\n<p id=\"hostess\"><strong>14. Soutien \u00e0 Hostess :<\/strong><\/p>\n\n\n\n<p>L'h\u00f4tesse de \u201cHoliday Homes Maridu\u201d accueille les invit\u00e9s, r\u00e9pond \u00e0 leurs questions, les aide \u00e0 s'enregistrer et \u00e0 quitter la maison, et s'occupe de tous les d\u00e9sagr\u00e9ments survenant dans la maison pendant votre s\u00e9jour.<\/p>\n\n\n\n<p>Les incidents ou probl\u00e8mes qui surviennent pendant le voyage et qui ne sont pas li\u00e9s au s\u00e9jour doivent \u00eatre signal\u00e9s directement \u00e0 Holiday Homes Maridu \u00e0 l'arriv\u00e9e ou avant. L'utilisation des services de notre h\u00f4tesse pour des t\u00e2ches ou des responsabilit\u00e9s qui ne peuvent \u00eatre attribu\u00e9es \u00e0 la description du travail de l'h\u00f4tesse sera factur\u00e9e \u00e0 un taux de \u20ac35,- par heure. Ce montant vous sera factur\u00e9 par la suite et\/ou d\u00e9duit de la caution restante \u00e0 rembourser.<\/p>\n\n\n\n<p id=\"complaints\"><strong>15. Plaintes :<\/strong><\/p>\n\n\n\n<p>Les plaintes concernant le s\u00e9jour ou le service doivent \u00eatre signal\u00e9es d\u00e8s que possible, mais au plus tard 24 heures apr\u00e8s en avoir pris connaissance, au gestionnaire ou \u00e0 l'h\u00f4tesse de la maison de vacances. Si une plainte n'est pas r\u00e9solue de mani\u00e8re satisfaisante, elle peut \u00eatre soumise par \u00e9crit et de mani\u00e8re motiv\u00e9e \u00e0 \u201cHoliday Homes Maridu\u201d au plus tard 1 mois apr\u00e8s le d\u00e9part.<\/p>\n\n\n\n<p id=\"additional\"><strong>16. Services suppl\u00e9mentaires :<\/strong><\/p>\n\n\n\n<p>Les services suppl\u00e9mentaires, tels que la location de v\u00e9los ou le service de petit-d\u00e9jeuner, doivent \u00eatre r\u00e9serv\u00e9s \u00e0 l'avance et peuvent entra\u00eener des frais suppl\u00e9mentaires.<\/p>\n\n\n\n<ul class=\"wp-block-list\">\n<li>En cas d'annulation dans les 2 semaines pr\u00e9c\u00e9dant l'arriv\u00e9e, 100% du montant total seront factur\u00e9s.<\/li>\n<\/ul>","protected":false},"excerpt":{"rendered":"<p>Terms and conditions Reservation Terms for Holiday Homes Maridu 1. Confirmation of Booking: Upon a successful booking, you will receive a confirmation detailing your chosen stay and its duration. 2. Costs and Included Services: The total price of your stay includes: 3. Payment Terms: 4. Bank Transfer (if not paid by credit card): 5. House [&hellip;]<\/p>\n","protected":false},"author":3,"featured_media":0,"parent":0,"menu_order":0,"comment_status":"closed","ping_status":"closed","template":"","meta":{"footnotes":""},"class_list":["post-625","page","type-page","status-publish","hentry"],"blocksy_meta":[],"_links":{"self":[{"href":"https:\/\/holidayhomesmaridu.com\/fr\/wp-json\/wp\/v2\/pages\/625","targetHints":{"allow":["GET"]}}],"collection":[{"href":"https:\/\/holidayhomesmaridu.com\/fr\/wp-json\/wp\/v2\/pages"}],"about":[{"href":"https:\/\/holidayhomesmaridu.com\/fr\/wp-json\/wp\/v2\/types\/page"}],"author":[{"embeddable":true,"href":"https:\/\/holidayhomesmaridu.com\/fr\/wp-json\/wp\/v2\/users\/3"}],"replies":[{"embeddable":true,"href":"https:\/\/holidayhomesmaridu.com\/fr\/wp-json\/wp\/v2\/comments?post=625"}],"version-history":[{"count":5,"href":"https:\/\/holidayhomesmaridu.com\/fr\/wp-json\/wp\/v2\/pages\/625\/revisions"}],"predecessor-version":[{"id":1084,"href":"https:\/\/holidayhomesmaridu.com\/fr\/wp-json\/wp\/v2\/pages\/625\/revisions\/1084"}],"wp:attachment":[{"href":"https:\/\/holidayhomesmaridu.com\/fr\/wp-json\/wp\/v2\/media?parent=625"}],"curies":[{"name":"wp","href":"https:\/\/api.w.org\/{rel}","templated":true}]}}