{"id":642,"date":"2025-06-24T16:23:28","date_gmt":"2025-06-24T14:23:28","guid":{"rendered":"https:\/\/maridu.makeitmatter.studio\/?page_id=642"},"modified":"2025-07-25T08:50:27","modified_gmt":"2025-07-25T06:50:27","slug":"politique-de-confidentialite","status":"publish","type":"page","link":"https:\/\/holidayhomesmaridu.com\/fr\/privacy-policy\/","title":{"rendered":"Privacy Policy"},"content":{"rendered":"<h2 class=\"wp-block-heading\">Politique de confidentialit\u00e9 pour Holiday Homes Maridu<\/h2>\n\n\n\n<p>Au Holiday Homes Maridu, accessible \u00e0 l'adresse suivante&nbsp;<strong>www.holidayhomesmaridu.com<\/strong>, L'une de nos principales priorit\u00e9s est la protection de la vie priv\u00e9e de nos visiteurs.<\/p>\n\n\n\n<p>Le pr\u00e9sent document sur la politique de protection de la vie priv\u00e9e d\u00e9crit les types d'informations collect\u00e9es et enregistr\u00e9es par&nbsp;<strong>Maisons de vacances Maridu<\/strong>&nbsp;et comment nous l'utilisons.<\/p>\n\n\n\n<p>Si vous avez d'autres questions ou si vous souhaitez obtenir davantage d'informations sur notre politique de protection de la vie priv\u00e9e, n'h\u00e9sitez pas \u00e0 nous contacter par courrier \u00e9lectronique \u00e0 l'adresse info@holidayhomesmaridu.com.<\/p>\n\n\n\n<p>Cette politique de confidentialit\u00e9 s'applique uniquement \u00e0 nos activit\u00e9s en ligne et est valable pour les visiteurs de notre site web en ce qui concerne les informations qu'ils ont partag\u00e9es et\/ou collect\u00e9es dans Holiday Homes Maridu.<\/p>\n\n\n\n<p>Cette politique ne s'applique pas aux informations collect\u00e9es hors ligne ou par d'autres canaux que le pr\u00e9sent site web.<\/p>\n\n\n\n<h3 class=\"wp-block-heading\">Consentement<\/h3>\n\n\n\n<p>En utilisant notre site web, vous consentez par la pr\u00e9sente \u00e0 notre politique de confidentialit\u00e9 et en acceptez les termes.<\/p>\n\n\n\n<h3 class=\"wp-block-heading\">Informations collect\u00e9es<\/h3>\n\n\n\n<p>Les informations personnelles qu'il vous est demand\u00e9 de fournir et les raisons pour lesquelles il vous est demand\u00e9 de les fournir vous seront pr\u00e9cis\u00e9es au moment o\u00f9 nous vous demanderons de fournir vos informations personnelles. Si vous nous contactez directement, nous pouvons recevoir des informations suppl\u00e9mentaires vous concernant, telles que votre nom, votre adresse \u00e9lectronique, votre num\u00e9ro de t\u00e9l\u00e9phone, le contenu du message et\/ou des pi\u00e8ces jointes que vous pouvez nous envoyer, ainsi que toute autre information que vous pouvez choisir de fournir.<\/p>\n\n\n\n<h3 class=\"wp-block-heading\">Comment nous utilisons vos informations<\/h3>\n\n\n\n<p>Nous utilisons les informations que nous recueillons de diff\u00e9rentes mani\u00e8res, notamment pour :<\/p>\n\n\n\n<ul class=\"wp-block-list\">\n<li>Fournir, exploiter et maintenir notre site web<\/li>\n\n\n\n<li>Am\u00e9liorer, personnaliser et d\u00e9velopper notre site web<\/li>\n\n\n\n<li>Comprendre et analyser la fa\u00e7on dont vous utilisez notre site web<\/li>\n\n\n\n<li>D\u00e9velopper de nouveaux produits, services, caract\u00e9ristiques et fonctionnalit\u00e9s<\/li>\n\n\n\n<li>communiquer avec vous, soit directement, soit par l'interm\u00e9diaire de l'un de nos partenaires, notamment pour le service \u00e0 la client\u00e8le, pour vous fournir des mises \u00e0 jour et d'autres informations relatives au site web, ainsi qu'\u00e0 des fins de marketing et de promotion<\/li>\n\n\n\n<li>Vous envoyer des courriels<\/li>\n\n\n\n<li>D\u00e9tecter et pr\u00e9venir la fraude<\/li>\n<\/ul>\n\n\n\n<h3 class=\"wp-block-heading\">Fichiers journaux<\/h3>\n\n\n\n<p>Holiday Homes Maridu suit une proc\u00e9dure standard d'utilisation de fichiers journaux. Ces fichiers enregistrent les visiteurs lorsqu'ils visitent des sites web. Toutes les soci\u00e9t\u00e9s d'h\u00e9bergement le font dans le cadre de l'analyse des services d'h\u00e9bergement. Les informations collect\u00e9es par les fichiers journaux comprennent les adresses de protocole Internet (IP), le type de navigateur, le fournisseur d'acc\u00e8s Internet (FAI), la date et l'heure, les pages de renvoi et de sortie, et \u00e9ventuellement le nombre de clics. Ces donn\u00e9es ne sont pas li\u00e9es \u00e0 des informations personnellement identifiables. L'objectif de ces informations est d'analyser les tendances, d'administrer le site, de suivre les mouvements des utilisateurs sur le site et de recueillir des informations d\u00e9mographiques.<\/p>\n\n\n\n<h3 class=\"wp-block-heading\">Cookies et balises web<\/h3>\n\n\n\n<p>Comme tout autre site web, Holiday Homes Maridu utilise des \u2018cookies\u2019. Ces cookies sont utilis\u00e9s pour stocker des informations, y compris les pr\u00e9f\u00e9rences des visiteurs et les pages du site Web auxquelles le visiteur a acc\u00e9d\u00e9 ou qu'il a visit\u00e9es. Ces informations sont utilis\u00e9es pour optimiser l'exp\u00e9rience des utilisateurs en personnalisant le contenu de nos pages web en fonction du type de navigateur des visiteurs et\/ou d'autres informations.<\/p>\n\n\n\n<h3 class=\"wp-block-heading\">Politique de confidentialit\u00e9 de l'ACCP (Ne pas vendre mes informations personnelles)<\/h3>\n\n\n\n<p>En vertu de la CCPA, les consommateurs californiens ont, entre autres, le droit de.. :<\/p>\n\n\n\n<p>Demander \u00e0 une entreprise qui collecte les donn\u00e9es personnelles d'un consommateur de divulguer les cat\u00e9gories et les \u00e9l\u00e9ments sp\u00e9cifiques des donn\u00e9es personnelles qu'elle a collect\u00e9es sur les consommateurs.<\/p>\n\n\n\n<p>Demander \u00e0 une entreprise de supprimer toutes les donn\u00e9es \u00e0 caract\u00e8re personnel qu'elle a recueillies sur le consommateur.<\/p>\n\n\n\n<p>Demander qu'une entreprise qui vend les donn\u00e9es personnelles d'un consommateur ne vende pas les donn\u00e9es personnelles du consommateur.<\/p>\n\n\n\n<p>Pokud pod\u00e1te \u017e\u00e1dost, m\u00e1me jeden m\u011bs\u00edc na to, abychom v\u00e1m odpov\u011bd\u011bli. Pokud byste cht\u011bli uplatnit n\u011bkter\u00e9 z t\u011bchto pr\u00e1v, kontaktujte n\u00e1s pros\u00edm.<\/p>\n\n\n\n<h3 class=\"wp-block-heading\">Politique de confidentialit\u00e9 GDPR (droits \u00e0 la protection des donn\u00e9es)<\/h3>\n\n\n\n<p>Nous souhaitons nous assurer que vous \u00eates pleinement conscient de vos droits en mati\u00e8re de protection des donn\u00e9es. Chaque utilisateur a droit \u00e0 ce qui suit :<\/p>\n\n\n\n<p>Droit d'acc\u00e8s - Vous avez le droit de demander des copies de vos donn\u00e9es personnelles. Il se peut que nous vous facturions une somme modique pour ce service.<\/p>\n\n\n\n<p>Droit de rectification - Vous avez le droit de nous demander de corriger toute information que vous estimez inexacte. Vous avez \u00e9galement le droit de nous demander de compl\u00e9ter les informations que vous estimez incompl\u00e8tes.<\/p>\n\n\n\n<p>Le droit \u00e0 l'effacement - Vous avez le droit de nous demander d'effacer vos donn\u00e9es personnelles, sous certaines conditions.<\/p>\n\n\n\n<p>Le droit de restreindre le traitement - Vous avez le droit de nous demander de restreindre le traitement de vos donn\u00e9es personnelles, sous certaines conditions.<\/p>\n\n\n\n<p>Le droit de s'opposer au traitement - Vous avez le droit de vous opposer \u00e0 ce que nous traitions vos donn\u00e9es personnelles, sous certaines conditions.<\/p>\n\n\n\n<p>Droit \u00e0 la portabilit\u00e9 des donn\u00e9es - Vous avez le droit de nous demander de transf\u00e9rer les donn\u00e9es que nous avons collect\u00e9es \u00e0 une autre organisation, ou directement \u00e0 vous, sous certaines conditions.<\/p>\n\n\n\n<p>Pokud pod\u00e1te \u017e\u00e1dost, m\u00e1me jeden m\u011bs\u00edc na to, abychom v\u00e1m odpov\u011bd\u011bli. Pokud byste cht\u011bli uplatnit n\u011bkter\u00e9 z t\u011bchto pr\u00e1v, kontaktujte n\u00e1s pros\u00edm.<\/p>\n\n\n\n<h3 class=\"wp-block-heading\">Informations pour les enfants<\/h3>\n\n\n\n<p>Une autre de nos priorit\u00e9s est de renforcer la protection des enfants lorsqu'ils utilisent l'internet. Nous encourageons les parents et les tuteurs \u00e0 observer leurs activit\u00e9s en ligne, \u00e0 y participer et\/ou \u00e0 les surveiller et \u00e0 les guider.<\/p>\n\n\n\n<p>Si vous pensez que votre enfant a fourni ce type d'informations sur notre site web, nous vous encourageons vivement \u00e0 nous contacter imm\u00e9diatement et nous ferons tout notre possible pour supprimer rapidement ces informations de nos dossiers.<\/p>","protected":false},"excerpt":{"rendered":"<p>Privacy Policy for Holiday Homes Maridu At Holiday Homes Maridu, accessible at&nbsp;www.holidayhomesmaridu.com, one of our main priorities is the privacy of our visitors. This Privacy Policy document contains types of information that is collected and recorded by&nbsp;Holiday Homes Maridu&nbsp;and how we use it. If you have additional questions or require more information about our Privacy [&hellip;]<\/p>\n","protected":false},"author":3,"featured_media":0,"parent":0,"menu_order":0,"comment_status":"closed","ping_status":"closed","template":"","meta":{"footnotes":""},"class_list":["post-642","page","type-page","status-publish","hentry"],"blocksy_meta":[],"_links":{"self":[{"href":"https:\/\/holidayhomesmaridu.com\/fr\/wp-json\/wp\/v2\/pages\/642","targetHints":{"allow":["GET"]}}],"collection":[{"href":"https:\/\/holidayhomesmaridu.com\/fr\/wp-json\/wp\/v2\/pages"}],"about":[{"href":"https:\/\/holidayhomesmaridu.com\/fr\/wp-json\/wp\/v2\/types\/page"}],"author":[{"embeddable":true,"href":"https:\/\/holidayhomesmaridu.com\/fr\/wp-json\/wp\/v2\/users\/3"}],"replies":[{"embeddable":true,"href":"https:\/\/holidayhomesmaridu.com\/fr\/wp-json\/wp\/v2\/comments?post=642"}],"version-history":[{"count":1,"href":"https:\/\/holidayhomesmaridu.com\/fr\/wp-json\/wp\/v2\/pages\/642\/revisions"}],"predecessor-version":[{"id":643,"href":"https:\/\/holidayhomesmaridu.com\/fr\/wp-json\/wp\/v2\/pages\/642\/revisions\/643"}],"wp:attachment":[{"href":"https:\/\/holidayhomesmaridu.com\/fr\/wp-json\/wp\/v2\/media?parent=642"}],"curies":[{"name":"wp","href":"https:\/\/api.w.org\/{rel}","templated":true}]}}